{"id":10751,"date":"2025-09-03T00:41:14","date_gmt":"2025-09-03T00:41:14","guid":{"rendered":"https:\/\/davlite.com\/?page_id=10751"},"modified":"2025-09-24T16:54:33","modified_gmt":"2025-09-24T16:54:33","slug":"terms-sale","status":"publish","type":"page","link":"https:\/\/market.davlite.com\/fr\/terms-sale\/","title":{"rendered":"Conditions de Vente"},"content":{"rendered":"<div data-elementor-type=\"wp-page\" data-elementor-id=\"10751\" class=\"elementor elementor-10751\" data-elementor-settings=\"{&quot;ha_cmc_init_switcher&quot;:&quot;no&quot;}\">\n\t\t\t\t<div class=\"wd-negative-gap elementor-element elementor-element-60678b9d e-flex e-con-boxed e-con e-parent\" data-id=\"60678b9d\" data-element_type=\"container\" data-e-type=\"container\" data-settings=\"{&quot;_ha_eqh_enable&quot;:false}\">\n\t\t\t\t\t<div class=\"e-con-inner\">\n\t\t\t\t<div class=\"elementor-element elementor-element-60b4bcfd color-scheme-inherit text-left elementor-widget elementor-widget-text-editor\" data-id=\"60b4bcfd\" data-element_type=\"widget\" data-e-type=\"widget\" data-widget_type=\"text-editor.default\">\n\t\t\t\t\t\t\t\t\t<h1><strong><span dir=\"auto\">Conditions g\u00e9n\u00e9rales de Vente<\/span><\/strong><\/h1><p><span dir=\"auto\">Les pr\u00e9sentes conditions g\u00e9n\u00e9rales de vente (d\u00e9nomm\u00e9es \u201cCGV\u201d) r\u00e9gissent les relations entre les vendeurs et les acheteurs sur le\u00a0<\/span><strong><span dir=\"auto\">DavLite plate-forme,<\/span><\/strong><span dir=\"auto\">\u00a0publi\u00e9 par\u00a0<\/span><strong><span dir=\"auto\">Saydav.<\/span><\/strong><span dir=\"auto\">\u00a0Elles s'appliquent \u00e0 toutes commandes pass\u00e9es sur le site\u00a0<\/span><a href=\"https:\/\/www.davlite.com\"><span dir=\"auto\">https:\/\/www.davlite.com<\/span><\/a><\/p><p><span dir=\"auto\">Pour toute information concernant les donn\u00e9es personnelles, aux fins de son utilisation et les parties avec lesquelles il est partag\u00e9, veuillez contacter\u00a0<\/span><strong><span dir=\"auto\">Saydav<\/span><\/strong><span dir=\"auto\">\u00a0\u00a0au coordonn\u00e9es suivantes:<\/span><\/p><p><span dir=\"auto\">\u2013\u00a0<\/span><strong><span dir=\"auto\">Num\u00e9ro de t\u00e9l\u00e9phone Mobile<\/span><\/strong><span dir=\"auto\"> \u00a0: <span style=\"color: #964100;\"><strong><a style=\"color: #964100;\" href=\"tel:+2250759019474\">07 59 019 474<\/a><\/strong><\/span><\/span><br \/><span dir=\"auto\">\u2013\u00a0<\/span><strong><span dir=\"auto\">Adresse Email<\/span><\/strong><span dir=\"auto\">\u00a0\u00a0:\u00a0<\/span><a href=\"mailto:support@davlite.com\"><span style=\"color: #964100;\"><strong><span dir=\"auto\">support@davlite.com<\/span><\/strong><\/span><\/a><\/p><p>\u2014<\/p><h3><strong><span dir=\"auto\">1. La Conclusion du contrat<\/span><\/strong><\/h3><p><span dir=\"auto\">Toute commande de produits implique l'acceptation sans r\u00e9serve de ces conditions g\u00e9n\u00e9rales de vente, compl\u00e9t\u00e9es ou amend\u00e9es par nos conditions particuli\u00e8res. Les pr\u00e9sentes conditions g\u00e9n\u00e9rales d'annuler toute clause contraire pouvant figurer dans les conditions d'achat, bons de commande ou autres documents commerciaux.<\/span><\/p><p><span dir=\"auto\">\u2014<\/span><\/p><h3><strong><span dir=\"auto\">2. Prix<\/span><\/strong><\/h3><p><span dir=\"auto\">Les marchandises sont factur\u00e9es au tarif en vigueur le jour de la commande. Le paiement peut \u00eatre effectu\u00e9 en utilisant l'une des m\u00e9thodes de paiement disponibles sur la plate-forme, lors de la livraison \u00e0 domicile (la destination de votre colis), lors de la collecte du colis directement \u00e0 partir du magasin du vendeur, ou \u00e0 l'un de nos\u00a0<\/span><strong><span dir=\"auto\">les points de contr\u00f4le<\/span><\/strong><span dir=\"auto\">\u00a0\u00a0(organismes autoris\u00e9s pour les parcelles collection).<\/span><\/p><p><span dir=\"auto\">La liste de prix g\u00e9n\u00e9rale est attach\u00e9 \u00e0 ces conditions. Les prix des produits sont fix\u00e9s par les vendeurs et peuvent \u00eatre r\u00e9vis\u00e9es sous r\u00e9serve de\u00a0<\/span><strong><span dir=\"auto\">30 jours<\/span><\/strong><span dir=\"auto\">\u00a0le d\u00e9lai de pr\u00e9avis .<\/span><\/p><p><span dir=\"auto\">\u2014<\/span><\/p><h3><strong><span dir=\"auto\">3. Livraison<\/span><\/strong><\/h3><p><strong><span dir=\"auto\">La livraison est effectu\u00e9e par<\/span><\/strong><span dir=\"auto\">\u00a0:<\/span><\/p><p><span dir=\"auto\">\u2013 Remise directe du produit \u00e0 l'acheteur.<\/span><br \/><span dir=\"auto\">\u2013 Rendre le produit disponible \u00e0 un emplacement d\u00e9sign\u00e9.<\/span><br \/><span dir=\"auto\">\u2013 La livraison \u00e0 un exp\u00e9diteur ou un transporteur dans les locaux du vendeur ou de tout autre lieu convenu.<\/span><\/p><p><strong><span dir=\"auto\">V\u00e9rification de la marchandise<\/span><\/strong><span dir=\"auto\">\u00a0\u00a0:<\/span><\/p><p><span dir=\"auto\">L'acheteur doit v\u00e9rifier la marchandise d\u00e8s r\u00e9ception. En cas de dommage, de la p\u00e9nurie, les vices apparents ou non-conformit\u00e9 du produit livr\u00e9, l'acheteur doit \u00e9mettre claire et pr\u00e9cise, les r\u00e9servations dans les\u00a0<\/span><strong><span dir=\"auto\">5 jours<\/span><\/strong><span dir=\"auto\">\u00a0\u00a0la date de livraison. Ces r\u00e9serves doivent \u00eatre notifi\u00e9es par \u00e9crit (via le formulaire de demande de retour sur la plate-forme) pour le vendeur ou l'\u00e9quipe de vente. L'acheteur devra fournir toute justification quant \u00e0 la r\u00e9alit\u00e9 des anomalies constat\u00e9es.<\/span><\/p><p>\u2014<\/p><h3><strong><span dir=\"auto\">4. Les d\u00e9lais de livraison<\/span><\/strong><\/h3><p><span dir=\"auto\">Les d\u00e9lais de livraison sont indiqu\u00e9s bas\u00e9e sur la disponibilit\u00e9 de l'approvisionnement.<\/span><\/p><p><span dir=\"auto\">Dans le cas d'un retard de livraison d'une dur\u00e9e de plus de\u00a0<\/span><strong><span dir=\"auto\">5 jours<\/span><\/strong><span dir=\"auto\">\u00a0\u00a0apr\u00e8s la date indicative de livraison (sauf en cas de force majeure: guerre, \u00e9meute, incendie, gr\u00e8ve, etc.), l'acheteur aura la possibilit\u00e9 d'annuler sa commande, sans pouvoir pr\u00e9tendre \u00e0 aucun d\u00e9dommagement d'aucune sorte.<\/span><\/p><p><span dir=\"auto\">\u2014<\/span><\/p><h3><strong><span dir=\"auto\">5. Retourne<\/span><\/strong><\/h3><p><span dir=\"auto\">Tout retour de produit doit \u00eatre formellement convenu entre le vendeur et l'acheteur. Conditions de retour sera d\u00e9fini en fonction de la politique du vendeur et dispositions l\u00e9gales applicables.<\/span><\/p><p><span dir=\"auto\">\u2014<\/span><\/p><h3><strong><span dir=\"auto\">6. Garantie<\/span><\/strong><\/h3><p><span dir=\"auto\">Le vendeur devra prendre le plus grand soin dans l'ex\u00e9cution de la commande et de la qualit\u00e9 des produits. Dans le cas d'un d\u00e9faut reconnu par le vendeur, ce dernier a l'obligation sera limit\u00e9e au remplacement ou au remboursement de l'd\u00e9fectueux quantit\u00e9s, sans autre compensation.<\/span><\/p><p><span dir=\"auto\">Les \u00e9l\u00e9ments suivants sont exclus de la garantie:<\/span><br \/><span dir=\"auto\">\u2013 Les d\u00e9fauts et les dommages r\u00e9sultant de stockage, de manutention, de transport ou d'utilisation dans des conditions anormales.<\/span><br \/><span dir=\"auto\">\u2013 Les d\u00e9fauts ne sont pas en accord avec la nature, les caract\u00e9ristiques ou la pertinence de l'utilisation du produit.<\/span><\/p><p><span dir=\"auto\">\u2014<\/span><\/p><h3><strong><span dir=\"auto\">7. Paiement<\/span><\/strong><\/h3><p><strong><span dir=\"auto\">Le paiement par les clients peut \u00eatre faite<\/span><\/strong><span dir=\"auto\">\u00a0:<\/span><\/p><p><span dir=\"auto\">\u2013 Via l'une des m\u00e9thodes de paiement disponibles sur la plate-forme.<\/span><br \/><span dir=\"auto\">\u2013 Lors de la livraison du colis.<\/span><br \/><span dir=\"auto\">\u2013 Directement par le vendeur lors de la collecte des colis en magasin.<\/span><br \/><span dir=\"auto\">\u2013 De nos agents lors de la collecte de l'un de nos <strong>Zones de retrait<\/strong><\/span><span dir=\"auto\">.<\/span><\/p><p><strong><span dir=\"auto\">Demande de retrait pour les vendeurs<\/span><\/strong><span dir=\"auto\">\u00a0\u00a0:<\/span><\/p><p><span dir=\"auto\">Pour toute demande de paiement, les vendeurs doivent soumettre une demande de retrait directement \u00e0 partir de leur fournisseur tableau de bord. Il est imp\u00e9ratif de sp\u00e9cifier une m\u00e9thode de retrait pr\u00e9f\u00e9r\u00e9e dans les param\u00e8tres de paiement via le tableau de bord.<\/span><\/p><p><strong><span dir=\"auto\">Conditions de retrait<\/span><\/strong><span dir=\"auto\">\u00a0\u00a0:<\/span><\/p><p><span dir=\"auto\">\u2013 Toutes les demandes de retrait doit \u00eatre sup\u00e9rieure \u00e0\u00a0<\/span><strong><span dir=\"auto\">De 2 000 XOF<\/span><\/strong><span dir=\"auto\">\u00a0\u00a0(ou l'\u00e9quivalent dans la monnaie du pays).<\/span><br \/><span dir=\"auto\">\u2013 Les factures sont payables dans les\u00a0<\/span><strong><span dir=\"auto\">Les 24 \u00e0 72 heures<\/span><\/strong><span dir=\"auto\">\u00a0\u00a0selon le mode de retrait.<\/span><br \/><span dir=\"auto\">\u2013 En cas de retard de paiement, le vendeur pourra suspendre toutes les commandes en cours.<\/span><\/p><p><strong><span dir=\"auto\">Plate-forme de frais<\/span><\/strong><span dir=\"auto\">\u00a0\u00a0:<\/span><\/p><p><span dir=\"auto\">Pour le vendeur-client de connexion, de parrainage et de maintenance de la plateforme,\u00a0<\/span><strong><span dir=\"auto\">10%<\/span><\/strong><span dir=\"auto\">\u00a0seront prises \u00e0 partir de chaque article vendu.<\/span><\/p><p><strong><span dir=\"auto\">Aucun d\u00e9p\u00f4t ou de l'escompte<\/span><\/strong><span dir=\"auto\">\u00a0\u00a0est accept\u00e9 pour paiement anticip\u00e9.<\/span><\/p><p>\u2014<\/p><h3><strong><span dir=\"auto\">8. La clause de r\u00e9siliation<\/span><\/strong><\/h3><p><span dir=\"auto\">En cas de non-paiement,\u00a0<\/span><strong><span dir=\"auto\">72 heures<\/span><\/strong><span dir=\"auto\">\u00a0\u00a0apr\u00e8s une mise en demeure rest\u00e9e infructueuse, la vente sera automatiquement annul\u00e9e par le vendeur. Celui-ci peut demander le retour des produits en r\u00e9f\u00e9r\u00e9, sans pr\u00e9judice de tous autres dommages et int\u00e9r\u00eats. Le reste des sommes dues pour d'autres livraisons, deviendront imm\u00e9diatement exigibles si le vendeur n'opte pas pour annuler les commandes correspondantes.<\/span><\/p><p><span dir=\"auto\">\u2014<\/span><\/p><h3><strong><span dir=\"auto\">9. R\u00e9serve de propri\u00e9t\u00e9<\/span><\/strong><\/h3><p><span dir=\"auto\">Les marchandises vendues restent la propri\u00e9t\u00e9 du vendeur jusqu'\u00e0 complet paiement de leur prix. Toutefois, les risques li\u00e9s aux marchandises sera transf\u00e9r\u00e9e \u00e0 l'acheteur ou au transporteur lors de la livraison physique des produits.<\/span><\/p><p><span dir=\"auto\">\u2014<\/span><\/p><h3><strong><span dir=\"auto\">10. Attribution de juridiction<\/span><\/strong><\/h3><p><span dir=\"auto\">Les pr\u00e9sentes conditions g\u00e9n\u00e9rales annulent et remplacent les termes et conditions. Tout litige relatif aux pr\u00e9sentes conditions g\u00e9n\u00e9rales sera soumis \u00e0 la comp\u00e9tence de la\u00a0<\/span><strong><span dir=\"auto\">mixte tribunal de commerce<\/span><\/strong><span dir=\"auto\">\u00a0le vendeur de g\u00e9olocalisation (en fonction de l'\u00e9tablissement du vendeur au registre du commerce) ou du pays o\u00f9\u00a0<\/span><strong><span dir=\"auto\">Saydav<\/span><\/strong><span dir=\"auto\">\u00a0est \u00e9tabli .<\/span><\/p><p><span dir=\"auto\">\u2014<\/span><\/p><h3><strong><span dir=\"auto\">Informations l\u00e9gales<\/span><\/strong><\/h3><p><span dir=\"auto\">Ces termes et conditions s'appliquent uniquement \u00e0 l'\u00a0<\/span><strong><span dir=\"auto\">DavLite plate-forme,<\/span><\/strong><span dir=\"auto\">\u00a0sauf indication contraire dans les pr\u00e9sentes. Dans leur tableau de bord, le vendeur a la possibilit\u00e9 de personnaliser leurs propres termes et conditions, qui ne s'appliquent qu'\u00e0 leur magasin et leurs \u00e9l\u00e9ments.<\/span><\/p><p><span dir=\"auto\">\u2014<\/span><\/p><h5><strong><span dir=\"auto\">Saydav<\/span><\/strong><span dir=\"auto\">\u00a0\u2013\u00a0<\/span><strong><span dir=\"auto\">DavLite: proposer toujours plus d'exp\u00e9riences amusantes!<\/span><\/strong><\/h5><p><span dir=\"auto\">Pour toute question, contactez-nous via WhatsApp \u00e0 <span style=\"color: #964100;\"><strong><a style=\"color: #964100;\" href=\"https:\/\/wa.me\/2250759019474\">07 59 019 474<\/a><\/strong><\/span><\/span><span dir=\"auto\">\u00a0ou par courriel \u00e0<span style=\"color: #964100;\">\u00a0<\/span><\/span><a href=\"mailto:support@davlite.com\"><span style=\"color: #964100;\"><strong><span dir=\"auto\">support@davlite.com<\/span><\/strong><\/span><\/a><\/p>\t\t\t\t\t\t\t\t<\/div>\n\t\t\t\t\t<\/div>\n\t\t\t\t<\/div>\n\t\t\t\t<\/div>","protected":false},"excerpt":{"rendered":"<p>General Conditions of Sale These general terms and conditions of sale (known as &#8220;GTC&#8221;) govern the relationships between sellers and<\/p>","protected":false},"author":1,"featured_media":0,"parent":0,"menu_order":0,"comment_status":"closed","ping_status":"closed","template":"","meta":{"_monsterinsights_skip_tracking":false,"_monsterinsights_sitenote_active":false,"_monsterinsights_sitenote_note":"","_monsterinsights_sitenote_category":0,"_uf_show_specific_survey":0,"_uf_disable_surveys":false,"footnotes":""},"class_list":["post-10751","page","type-page","status-publish","hentry"],"yoast_head":"<!-- This site is optimized with the Yoast SEO plugin v27.1.1 - https:\/\/yoast.com\/product\/yoast-seo-wordpress\/ -->\n<title>Terms of Sale - DavLite<\/title>\n<meta name=\"robots\" content=\"index, follow, max-snippet:-1, max-image-preview:large, max-video-preview:-1\" \/>\n<link rel=\"canonical\" href=\"https:\/\/market.davlite.com\/fr\/terms-sale\/\" \/>\n<meta property=\"og:locale\" content=\"fr_FR\" \/>\n<meta property=\"og:type\" content=\"article\" \/>\n<meta property=\"og:title\" content=\"Terms of Sale - DavLite\" \/>\n<meta property=\"og:description\" content=\"General Conditions of Sale These general terms and conditions of sale (known as &#8220;GTC&#8221;) govern the relationships between sellers and\" \/>\n<meta property=\"og:url\" content=\"https:\/\/market.davlite.com\/fr\/terms-sale\/\" \/>\n<meta property=\"og:site_name\" content=\"DavLite\" \/>\n<meta property=\"article:publisher\" content=\"https:\/\/www.facebook.com\/profile.php?id=61580042734320\" \/>\n<meta property=\"article:modified_time\" content=\"2025-09-24T16:54:33+00:00\" \/>\n<meta name=\"twitter:card\" content=\"summary_large_image\" \/>\n<meta name=\"twitter:label1\" content=\"Dur\u00e9e de lecture estim\u00e9e\" \/>\n\t<meta name=\"twitter:data1\" content=\"5 minutes\" \/>\n<script type=\"application\/ld+json\" class=\"yoast-schema-graph\">{\"@context\":\"https:\/\/schema.org\",\"@graph\":[{\"@type\":\"WebPage\",\"@id\":\"https:\/\/market.davlite.com\/terms-sale\/\",\"url\":\"https:\/\/market.davlite.com\/terms-sale\/\",\"name\":\"Terms of Sale - DavLite\",\"isPartOf\":{\"@id\":\"https:\/\/market.davlite.com\/#website\"},\"datePublished\":\"2025-09-03T00:41:14+00:00\",\"dateModified\":\"2025-09-24T16:54:33+00:00\",\"breadcrumb\":{\"@id\":\"https:\/\/market.davlite.com\/terms-sale\/#breadcrumb\"},\"inLanguage\":\"fr-FR\",\"potentialAction\":[{\"@type\":\"ReadAction\",\"target\":[\"https:\/\/market.davlite.com\/terms-sale\/\"]}]},{\"@type\":\"BreadcrumbList\",\"@id\":\"https:\/\/market.davlite.com\/terms-sale\/#breadcrumb\",\"itemListElement\":[{\"@type\":\"ListItem\",\"position\":1,\"name\":\"Accueil\",\"item\":\"https:\/\/market.davlite.com\/\"},{\"@type\":\"ListItem\",\"position\":2,\"name\":\"Terms of Sale\"}]},{\"@type\":\"WebSite\",\"@id\":\"https:\/\/market.davlite.com\/#website\",\"url\":\"https:\/\/market.davlite.com\/\",\"name\":\"DavLite\",\"description\":\"Offrir des exp&eacute;riences toujours plus fun\",\"publisher\":{\"@id\":\"https:\/\/market.davlite.com\/#organization\"},\"potentialAction\":[{\"@type\":\"SearchAction\",\"target\":{\"@type\":\"EntryPoint\",\"urlTemplate\":\"https:\/\/market.davlite.com\/?s={search_term_string}\"},\"query-input\":{\"@type\":\"PropertyValueSpecification\",\"valueRequired\":true,\"valueName\":\"search_term_string\"}}],\"inLanguage\":\"fr-FR\"},{\"@type\":\"Organization\",\"@id\":\"https:\/\/market.davlite.com\/#organization\",\"name\":\"Saydav\",\"url\":\"https:\/\/market.davlite.com\/\",\"logo\":{\"@type\":\"ImageObject\",\"inLanguage\":\"fr-FR\",\"@id\":\"https:\/\/market.davlite.com\/#\/schema\/logo\/image\/\",\"url\":\"https:\/\/davlite.com\/wp-content\/uploads\/2025\/12\/Icone-Saydav.png\",\"contentUrl\":\"https:\/\/davlite.com\/wp-content\/uploads\/2025\/12\/Icone-Saydav.png\",\"width\":2247,\"height\":2247,\"caption\":\"Saydav\"},\"image\":{\"@id\":\"https:\/\/market.davlite.com\/#\/schema\/logo\/image\/\"},\"sameAs\":[\"https:\/\/www.facebook.com\/profile.php?id=61580042734320\",\"https:\/\/www.linkedin.com\/showcase\/davlite\/\"]}]}<\/script>\n<!-- \/ Yoast SEO plugin. -->","yoast_head_json":{"title":"Conditions de Vente - DavLite","robots":{"index":"index","follow":"follow","max-snippet":"max-snippet:-1","max-image-preview":"max-image-preview:large","max-video-preview":"max-video-preview:-1"},"canonical":"https:\/\/market.davlite.com\/fr\/terms-sale\/","og_locale":"fr_FR","og_type":"article","og_title":"Terms of Sale - DavLite","og_description":"General Conditions of Sale These general terms and conditions of sale (known as &#8220;GTC&#8221;) govern the relationships between sellers and","og_url":"https:\/\/market.davlite.com\/fr\/terms-sale\/","og_site_name":"DavLite","article_publisher":"https:\/\/www.facebook.com\/profile.php?id=61580042734320","article_modified_time":"2025-09-24T16:54:33+00:00","twitter_card":"summary_large_image","twitter_misc":{"Dur\u00e9e de lecture estim\u00e9e":"5 minutes"},"schema":{"@context":"https:\/\/schema.org","@graph":[{"@type":"WebPage","@id":"https:\/\/market.davlite.com\/terms-sale\/","url":"https:\/\/market.davlite.com\/terms-sale\/","name":"Conditions de Vente - DavLite","isPartOf":{"@id":"https:\/\/market.davlite.com\/#website"},"datePublished":"2025-09-03T00:41:14+00:00","dateModified":"2025-09-24T16:54:33+00:00","breadcrumb":{"@id":"https:\/\/market.davlite.com\/terms-sale\/#breadcrumb"},"inLanguage":"fr-FR","potentialAction":[{"@type":"ReadAction","target":["https:\/\/market.davlite.com\/terms-sale\/"]}]},{"@type":"BreadcrumbList","@id":"https:\/\/market.davlite.com\/terms-sale\/#breadcrumb","itemListElement":[{"@type":"ListItem","position":1,"name":"Accueil","item":"https:\/\/market.davlite.com\/"},{"@type":"ListItem","position":2,"name":"Terms of Sale"}]},{"@type":"WebSite","@id":"https:\/\/market.davlite.com\/#website","url":"https:\/\/market.davlite.com\/","name":"DavLite","description":"Offrir des exp\u00e9riences toujours plus de plaisir","publisher":{"@id":"https:\/\/market.davlite.com\/#organization"},"potentialAction":[{"@type":"SearchAction","target":{"@type":"EntryPoint","urlTemplate":"https:\/\/market.davlite.com\/?s={search_term_string}"},"query-input":{"@type":"PropertyValueSpecification","valueRequired":true,"valueName":"search_term_string"}}],"inLanguage":"fr-FR"},{"@type":"Organization","@id":"https:\/\/market.davlite.com\/#organization","name":"Saydav","url":"https:\/\/market.davlite.com\/","logo":{"@type":"ImageObject","inLanguage":"fr-FR","@id":"https:\/\/market.davlite.com\/#\/schema\/logo\/image\/","url":"https:\/\/davlite.com\/wp-content\/uploads\/2025\/12\/Icone-Saydav.png","contentUrl":"https:\/\/davlite.com\/wp-content\/uploads\/2025\/12\/Icone-Saydav.png","width":2247,"height":2247,"caption":"Saydav"},"image":{"@id":"https:\/\/market.davlite.com\/#\/schema\/logo\/image\/"},"sameAs":["https:\/\/www.facebook.com\/profile.php?id=61580042734320","https:\/\/www.linkedin.com\/showcase\/davlite\/"]}]}},"jetpack_sharing_enabled":true,"_links":{"self":[{"href":"https:\/\/market.davlite.com\/fr\/wp-json\/wp\/v2\/pages\/10751","targetHints":{"allow":["GET"]}}],"collection":[{"href":"https:\/\/market.davlite.com\/fr\/wp-json\/wp\/v2\/pages"}],"about":[{"href":"https:\/\/market.davlite.com\/fr\/wp-json\/wp\/v2\/types\/page"}],"author":[{"embeddable":true,"href":"https:\/\/market.davlite.com\/fr\/wp-json\/wp\/v2\/users\/1"}],"replies":[{"embeddable":true,"href":"https:\/\/market.davlite.com\/fr\/wp-json\/wp\/v2\/comments?post=10751"}],"version-history":[{"count":13,"href":"https:\/\/market.davlite.com\/fr\/wp-json\/wp\/v2\/pages\/10751\/revisions"}],"predecessor-version":[{"id":11635,"href":"https:\/\/market.davlite.com\/fr\/wp-json\/wp\/v2\/pages\/10751\/revisions\/11635"}],"wp:attachment":[{"href":"https:\/\/market.davlite.com\/fr\/wp-json\/wp\/v2\/media?parent=10751"}],"curies":[{"name":"wp","href":"https:\/\/api.w.org\/{rel}","templated":true}]}}